{"id":75,"date":"2019-04-29T18:56:18","date_gmt":"2019-04-29T18:56:18","guid":{"rendered":"https:\/\/dzestudio.pe\/ark\/?page_id=75"},"modified":"2019-05-09T16:26:41","modified_gmt":"2019-05-09T16:26:41","slug":"servicios","status":"publish","type":"page","link":"https:\/\/dzestudio.pe\/ark\/servicios\/","title":{"rendered":"Servicios"},"content":{"rendered":"<p>[vc_row][vc_column]<div role=\"tabpanel\" class=\"nk-tabs  \"><ul class=\"nav nav-tabs\" role=\"tablist\"><li role=\"presentation\" class=\"nav-item\">\n                        <a href=\"#tab-1-1556576769316-3\" class=\"nav-link active\" aria-controls=\"tab-1-1556576769316-3\" role=\"tab\" data-toggle=\"tab\" aria-expanded=\"true\">ARQUITECTURA<\/a>\n                    <\/li><li role=\"presentation\" class=\"nav-item\">\n                        <a href=\"#tab-1-1556576769335-4\" class=\"nav-link \" aria-controls=\"tab-1-1556576769335-4\" role=\"tab\" data-toggle=\"tab\" aria-expanded=\"true\">DISE\u00d1O COMERCIAL<\/a>\n                    <\/li><li role=\"presentation\" class=\"nav-item\">\n                        <a href=\"#tab-1-1557243641515-6\" class=\"nav-link \" aria-controls=\"tab-1-1557243641515-6\" role=\"tab\" data-toggle=\"tab\" aria-expanded=\"true\">OFICINAS<\/a>\n                    <\/li><li role=\"presentation\" class=\"nav-item\">\n                        <a href=\"#tab-1-1557243671201-1\" class=\"nav-link \" aria-controls=\"tab-1-1557243671201-1\" role=\"tab\" data-toggle=\"tab\" aria-expanded=\"true\">RESIDENCIAL<\/a>\n                    <\/li><li role=\"presentation\" class=\"nav-item\">\n                        <a href=\"#tab-1-1557243692654-5\" class=\"nav-link \" aria-controls=\"tab-1-1557243692654-5\" role=\"tab\" data-toggle=\"tab\" aria-expanded=\"true\">MOBILIARIO<\/a>\n                    <\/li><li role=\"presentation\" class=\"nav-item\">\n                        <a href=\"#tab-1-1557243716178-10\" class=\"nav-link \" aria-controls=\"tab-1-1557243716178-10\" role=\"tab\" data-toggle=\"tab\" aria-expanded=\"true\">IMPLEMENTACI\u00d3N<\/a>\n                    <\/li><li role=\"presentation\" class=\"nav-item\">\n                        <a href=\"#tab-1-1557243740163-7\" class=\"nav-link \" aria-controls=\"tab-1-1557243740163-7\" role=\"tab\" data-toggle=\"tab\" aria-expanded=\"true\">REMODELACI\u00d3N<\/a>\n                    <\/li><\/ul><div class=\"tab-content\">\n                        <div role=\"tabpanel\" class=\"tab-pane fade active show  \" id=\"tab-1-1556576769316-3\">\n                        [vc_single_image image=&#8221;229&#8243; img_size=&#8221;full&#8221; alignment=&#8221;center&#8221;]\n                    <\/div><div role=\"tabpanel\" class=\"tab-pane fade   \" id=\"tab-1-1556576769335-4\">\n                        [vc_single_image image=&#8221;232&#8243; img_size=&#8221;full&#8221; alignment=&#8221;center&#8221;]\n                    <\/div><div role=\"tabpanel\" class=\"tab-pane fade   \" id=\"tab-1-1557243641515-6\">\n                        [vc_single_image image=&#8221;235&#8243; img_size=&#8221;full&#8221; alignment=&#8221;center&#8221;][vc_column_text]DZ GROUP es un estudio de arquitectura que desde sus inicios ha basado sus proyectos en criterios de calidad, innovaci\u00f3n y creatividad . El estudio posee el equipo t\u00e9cnico calificado necesario para un completo \u201cProject Management\u201d en la ejecuci\u00f3n y desarrollo de los proyectos.<\/p>\n<p>Proporcionamos servicios de Gesti\u00f3n Integral de proyectos y obras, desde la concepci\u00f3n hasta la finalizaci\u00f3n, asesorando y acompa\u00f1ando a nuestros clientes de forma integral en todo el proceso constructivo como un \u00fanico interlocutor, eliminando conflictos habituales, y cumpliendo con el plazo y el presupuesto marcados.[\/vc_column_text]\n                    <\/div><div role=\"tabpanel\" class=\"tab-pane fade   \" id=\"tab-1-1557243671201-1\">\n                        [vc_single_image image=&#8221;236&#8243; img_size=&#8221;full&#8221; alignment=&#8221;center&#8221;][vc_column_text]Nuestra filosof\u00eda de trabajo parte desde una visi\u00f3n art\u00edstica, enfocada a la producci\u00f3n de obras de calidad, complementada con una<br \/>\nmetodolog\u00eda propia.<\/p>\n<p>La arquitectura comprende m\u00e1s all\u00e1 de solamente el desarrollo de planos con cualidades est\u00e9ticas, la arquitectura procura mejorar la calidad de vida de las personas dependiendo del \u00e1mbito donde se desenvuelva, encontrando soluciones todo el tiempo para cumplir las necesidades del que lo solicita.[\/vc_column_text]\n                    <\/div><div role=\"tabpanel\" class=\"tab-pane fade   \" id=\"tab-1-1557243692654-5\">\n                        [vc_single_image image=&#8221;238&#8243; img_size=&#8221;full&#8221; alignment=&#8221;center&#8221;][vc_column_text]El equipamiento y mobiliario comercial es una de las partes m\u00e1s importantes de un punto comercial, pues depende de la calidad del dise\u00f1o y la funci\u00f3n estrat\u00e9gicamente planificadas para que cumpla la meta de venta de la marca.<\/p>\n<p>Existen numerosas variedades de sistemas de carga, acabados, tama\u00f1os y un sinn\u00famero de caracter\u00edsticas que diferencia puntualmente a un dise\u00f1o est\u00e1ndar de uno enfocado en sacarle el m\u00e1ximo provecho al espacio.[\/vc_column_text]\n                    <\/div><div role=\"tabpanel\" class=\"tab-pane fade   \" id=\"tab-1-1557243716178-10\">\n                        [vc_single_image image=&#8221;239&#8243; img_size=&#8221;full&#8221; alignment=&#8221;center&#8221;][vc_column_text]Nuestra principal meta es el enfocarnos en cada proyecto en concluir los proyectos ante de lo pactado para la entrega sin retrasos. Sabemos que cada d\u00eda que pasa es un d\u00eda menos de rentabilidad o disfrute, por ende, estamos capacitados para llevar sus proyectos con metodolog\u00edas como PMBOK, la cual nos permite controlar de manera detallada todo e proceso, de esta manera se previene cualquier retraso en los cronogramas valorizados.[\/vc_column_text]\n                    <\/div><div role=\"tabpanel\" class=\"tab-pane fade   \" id=\"tab-1-1557243740163-7\">\n                        [vc_single_image image=&#8221;240&#8243; img_size=&#8221;full&#8221; alignment=&#8221;center&#8221;][vc_column_text]Nos encargamos de transformar espacios con alta complejidad y con tiempos ajustados, obteniendo siempre clientes totalmente satisfechos y enamorados del resultado, donde siempre priorizamos la comodidad y el ambiente adecuado, sacando el m\u00e1ximo provecho funcional y est\u00e9ticamente.[\/vc_column_text]\n                    <\/div>\n                    <\/div>\n                <\/div>[vc_column_text]Somos especialistas en el dise\u00f1o y construcci\u00f3n de\u00a0<b>tiendas de marca, gimnasios, spas, hoteles, restaurantes,<\/b>\u00a0y formatos originales para nuevos negocios.Tenemos una visi\u00f3n art\u00edstica enfocada en la producci\u00f3n de trabajos de calidad. \u201cEl punto de venta est\u00e1 hecho para generar la m\u00e1xima rentabilidad\u201d<\/p>\n<p>Nuestro objetivo a largo plazo es convertirnos en la primera empresa Peruana en ser reconocida a nivel internacional, innovando en las propuestas que busquen ser \u00fanicas y con personalidad, de manera que pueda destacar ante el resto de estudios de arquitectura y dise\u00f1o interior de otros lugares que son potencias y precursores en estas \u00e1reas.<\/p>\n<p>Tenemos un proceso, en algunos casos basados en Design Thinking, que nos permite enfocarnos en las verdaderas necesidades y ver situaciones o elementos que no detectamos en un proceso de dise\u00f1o convencional.[\/vc_column_text][\/vc_column][\/vc_row]<\/p>\n","protected":false},"excerpt":{"rendered":"<p>[vc_row][vc_column][vc_column_text]Somos especialistas en el dise\u00f1o y construcci\u00f3n de\u00a0tiendas de marca, gimnasios, spas, hoteles, restaurantes,\u00a0y formatos originales para nuevos negocios.Tenemos una visi\u00f3n art\u00edstica enfocada en la producci\u00f3n de trabajos de calidad. \u201cEl punto de venta est\u00e1 hecho para generar la m\u00e1xima rentabilidad\u201d Nuestro objetivo a largo plazo es convertirnos en la primera empresa Peruana en ser [&hellip;]<\/p>\n","protected":false},"author":1,"featured_media":0,"parent":0,"menu_order":0,"comment_status":"closed","ping_status":"closed","template":"","meta":{"footnotes":""},"_links":{"self":[{"href":"https:\/\/dzestudio.pe\/ark\/wp-json\/wp\/v2\/pages\/75"}],"collection":[{"href":"https:\/\/dzestudio.pe\/ark\/wp-json\/wp\/v2\/pages"}],"about":[{"href":"https:\/\/dzestudio.pe\/ark\/wp-json\/wp\/v2\/types\/page"}],"author":[{"embeddable":true,"href":"https:\/\/dzestudio.pe\/ark\/wp-json\/wp\/v2\/users\/1"}],"replies":[{"embeddable":true,"href":"https:\/\/dzestudio.pe\/ark\/wp-json\/wp\/v2\/comments?post=75"}],"version-history":[{"count":16,"href":"https:\/\/dzestudio.pe\/ark\/wp-json\/wp\/v2\/pages\/75\/revisions"}],"predecessor-version":[{"id":241,"href":"https:\/\/dzestudio.pe\/ark\/wp-json\/wp\/v2\/pages\/75\/revisions\/241"}],"wp:attachment":[{"href":"https:\/\/dzestudio.pe\/ark\/wp-json\/wp\/v2\/media?parent=75"}],"curies":[{"name":"wp","href":"https:\/\/api.w.org\/{rel}","templated":true}]}}